{"id":547,"date":"2023-10-03T13:20:42","date_gmt":"2023-10-03T11:20:42","guid":{"rendered":"https:\/\/asiz.es\/panel"},"modified":"2024-02-21T15:54:26","modified_gmt":"2024-02-21T14:54:26","slug":"panel","status":"publish","type":"page","link":"https:\/\/asiz.es\/ca\/panel","title":{"rendered":"Panel"},"content":{"rendered":"<p>[et_pb_section fb_built=&#8221;1&#8243; custom_padding_last_edited=&#8221;on|phone&#8221; _builder_version=&#8221;4.22.1&#8243; _module_preset=&#8221;default&#8221; background_color=&#8221;#efefef&#8221; custom_padding=&#8221;95px||95px||true|&#8221; custom_padding_tablet=&#8221;50px||50px||true|false&#8221; custom_padding_phone=&#8221;20px||20px||true|false&#8221; global_colors_info=&#8221;{}&#8221;][et_pb_row custom_padding_last_edited=&#8221;on|phone&#8221; _builder_version=&#8221;4.22.1&#8243; _module_preset=&#8221;default&#8221; background_color=&#8221;#FFFFFF&#8221; width=&#8221;90%&#8221; custom_padding=&#8221;1%|3%|1%|3%|true|true&#8221; custom_padding_tablet=&#8221;1%|3%|1%|3%|true|true&#8221; custom_padding_phone=&#8221;3%|5%|3%|5%|true|true&#8221; border_radii=&#8221;on|25px|25px|25px|25px&#8221; box_shadow_style=&#8221;preset3&#8243; box_shadow_color=&#8221;rgba(0,0,0,0.2)&#8221; global_colors_info=&#8221;{}&#8221;][et_pb_column type=&#8221;4_4&#8243; _builder_version=&#8221;4.22.1&#8243; _module_preset=&#8221;default&#8221; global_colors_info=&#8221;{}&#8221;][et_pb_text _builder_version=&#8221;4.22.2&#8243; _module_preset=&#8221;default&#8221; hover_enabled=&#8221;0&#8243; global_colors_info=&#8221;{}&#8221; sticky_enabled=&#8221;0&#8243;]<\/p>\n<p>Des d&#8217;aqu\u00ed podr\u00e0 accedir a la plataforma d&#8217;Asesor\u00eda Online, amb la qual podr\u00e0 gestionar la l&#8217;informaci\u00f3n comptable, laboral i fiscal.<\/p>\n<p>Per comen\u00e7ar a treballar amb la plataforma, introdue\u00efxi la seva clau de usuario i codi d&#8217;acc\u00e8s i faci clic a entrar.<\/p>\n<p>[\/et_pb_text][et_pb_code _builder_version=&#8221;4.22.1&#8243; _module_preset=&#8221;default&#8221; global_colors_info=&#8221;{}&#8221;]<\/p>\n<section class=\"\"><!-- [et_pb_line_break_holder] -->\t\t<pee id=\"errorMsg\" class=\"qty-error-msg\"><\/pee><!-- [et_pb_line_break_holder] --><!-- [et_pb_line_break_holder] -->\t\t<\/p>\n<div class=\"login-form\"><!-- [et_pb_line_break_holder] -->\t\t\t<\/p>\n<div class=\"form-group\"><!-- [et_pb_line_break_holder] -->\t\t\t\t<input<!-- [et_pb_line_break_holder] -->\t\t\t\t\t   id=&#8221;formEmail&#8221;<!-- [et_pb_line_break_holder] -->\t\t\t\t\t   class=&#8221;form-input&#8221;<!-- [et_pb_line_break_holder] -->\t\t\t\t\t   type=&#8221;text&#8221;<!-- [et_pb_line_break_holder] -->\t\t\t\t\t   placeholder=&#8221;E-mail&#8221;<!-- [et_pb_line_break_holder] -->\t\t\t\t\t   name=&#8221;email&#8221;><!-- [et_pb_line_break_holder] -->\t\t\t<\/div>\n<p><!-- [et_pb_line_break_holder] --><!-- [et_pb_line_break_holder] -->\t\t\t<\/p>\n<div class=\"form-group\"><!-- [et_pb_line_break_holder] -->\t\t\t\t<input<!-- [et_pb_line_break_holder] -->\t\t\t\t\t   id=&#8221;formPass&#8221;<!-- [et_pb_line_break_holder] -->\t\t\t\t\t   class=&#8221;form-input&#8221;<!-- [et_pb_line_break_holder] -->\t\t\t\t\t   type=&#8221;password&#8221;<!-- [et_pb_line_break_holder] -->\t\t\t\t\t   placeholder=&#8221;Contrasenya&#8221;<!-- [et_pb_line_break_holder] -->\t\t\t\t\t   name=&#8221;password&#8221;><!-- [et_pb_line_break_holder] -->\t\t\t<\/div>\n<p><!-- [et_pb_line_break_holder] -->\t\t<\/div>\n<p><!-- [et_pb_line_break_holder] --><!-- [et_pb_line_break_holder] -->\t\t<\/p>\n<div class=\"forgot-password\"><!-- [et_pb_line_break_holder] -->\t\t\t<a href=\"https:\/\/cic.quantyca.com\/login\/?forgot=true\" class=\"\"><!-- [et_pb_line_break_holder] -->\t\t\t\tHas oblidat la contrasenya?<!-- [et_pb_line_break_holder] -->\t\t\t<\/a><!-- [et_pb_line_break_holder] -->\t\t<\/div>\n<p><!-- [et_pb_line_break_holder] --><!-- [et_pb_line_break_holder] -->\t\t<\/p>\n<div class=\"login-actions\"><!-- [et_pb_line_break_holder] -->\t\t\t<button id=\"\" onclick=\"login()\" class=\"\"><!-- [et_pb_line_break_holder] -->\t\t\t\tEntrar<!-- [et_pb_line_break_holder] -->\t\t\t<\/button><!-- [et_pb_line_break_holder] -->\t\t<\/div>\n<p><!-- [et_pb_line_break_holder] -->\t<\/section>\n<p><!-- [et_pb_line_break_holder] --><script<!-- [et_pb_line_break_holder] -->src=&#8221;https:\/\/cic.quantyca.com\/assets\/external_login\/lgn.min.js&#8221;><\/script>[\/et_pb_code][\/et_pb_column][\/et_pb_row][\/et_pb_section]<\/p>\n","protected":false},"excerpt":{"rendered":"<p>Des d&#8217;aqu\u00ed podr\u00e0 accedir a la plataforma d&#8217;Asesor\u00eda Online, amb la qual podr\u00e0 gestionar la l&#8217;informaci\u00f3n comptable, laboral i fiscal. Per comen\u00e7ar a treballar amb la plataforma, introdue\u00efxi la seva clau de usuario i codi d&#8217;acc\u00e8s i faci clic a entrar.<\/p>\n","protected":false},"author":1,"featured_media":0,"parent":0,"menu_order":0,"comment_status":"closed","ping_status":"closed","template":"","meta":{"_et_pb_use_builder":"on","_et_pb_old_content":"","_et_gb_content_width":"","footnotes":""},"class_list":["post-547","page","type-page","status-publish","hentry"],"yoast_head":"<!-- This site is optimized with the Yoast SEO plugin v26.3 - https:\/\/yoast.com\/wordpress\/plugins\/seo\/ -->\n<title>Panel - Asiz Assesoria<\/title>\n<meta name=\"robots\" content=\"index, follow, max-snippet:-1, max-image-preview:large, max-video-preview:-1\" \/>\n<link rel=\"canonical\" href=\"https:\/\/asiz.es\/ca\/panel\" \/>\n<meta property=\"og:locale\" content=\"ca_ES\" \/>\n<meta property=\"og:type\" content=\"article\" \/>\n<meta property=\"og:title\" content=\"Panel - Asiz Assesoria\" \/>\n<meta property=\"og:description\" content=\"Des d&#039;aqu\u00ed podr\u00e0 accedir a la plataforma d&#039;Asesor\u00eda Online, amb la qual podr\u00e0 gestionar la l&#039;informaci\u00f3n comptable, laboral i fiscal. Per comen\u00e7ar a treballar amb la plataforma, introdue\u00efxi la seva clau de usuario i codi d&#039;acc\u00e8s i faci clic a entrar.\" \/>\n<meta property=\"og:url\" content=\"https:\/\/asiz.es\/ca\/panel\" \/>\n<meta property=\"og:site_name\" content=\"Asiz Assesoria\" \/>\n<meta property=\"article:modified_time\" content=\"2024-02-21T14:54:26+00:00\" \/>\n<meta name=\"twitter:card\" content=\"summary_large_image\" \/>\n<meta name=\"twitter:label1\" content=\"Temps estimat de lectura\" \/>\n\t<meta name=\"twitter:data1\" content=\"1 minut\" \/>\n<script type=\"application\/ld+json\" class=\"yoast-schema-graph\">{\"@context\":\"https:\/\/schema.org\",\"@graph\":[{\"@type\":\"WebPage\",\"@id\":\"https:\/\/asiz.es\/ca\/panel\",\"url\":\"https:\/\/asiz.es\/ca\/panel\",\"name\":\"Panel - Asiz Assesoria\",\"isPartOf\":{\"@id\":\"https:\/\/asiz.es\/#website\"},\"datePublished\":\"2023-10-03T11:20:42+00:00\",\"dateModified\":\"2024-02-21T14:54:26+00:00\",\"breadcrumb\":{\"@id\":\"https:\/\/asiz.es\/ca\/panel#breadcrumb\"},\"inLanguage\":\"ca\",\"potentialAction\":[{\"@type\":\"ReadAction\",\"target\":[\"https:\/\/asiz.es\/ca\/panel\"]}]},{\"@type\":\"BreadcrumbList\",\"@id\":\"https:\/\/asiz.es\/ca\/panel#breadcrumb\",\"itemListElement\":[{\"@type\":\"ListItem\",\"position\":1,\"name\":\"Portada\",\"item\":\"https:\/\/asiz.es\/ca\"},{\"@type\":\"ListItem\",\"position\":2,\"name\":\"Panel\"}]},{\"@type\":\"WebSite\",\"@id\":\"https:\/\/asiz.es\/#website\",\"url\":\"https:\/\/asiz.es\/\",\"name\":\"Asiz Assesoria\",\"description\":\"\",\"publisher\":{\"@id\":\"https:\/\/asiz.es\/#organization\"},\"potentialAction\":[{\"@type\":\"SearchAction\",\"target\":{\"@type\":\"EntryPoint\",\"urlTemplate\":\"https:\/\/asiz.es\/?s={search_term_string}\"},\"query-input\":{\"@type\":\"PropertyValueSpecification\",\"valueRequired\":true,\"valueName\":\"search_term_string\"}}],\"inLanguage\":\"ca\"},{\"@type\":\"Organization\",\"@id\":\"https:\/\/asiz.es\/#organization\",\"name\":\"Asiz Assesoria\",\"url\":\"https:\/\/asiz.es\/\",\"logo\":{\"@type\":\"ImageObject\",\"inLanguage\":\"ca\",\"@id\":\"https:\/\/asiz.es\/#\/schema\/logo\/image\/\",\"url\":\"https:\/\/asiz.es\/wp-content\/uploads\/2023\/08\/logo_2.png\",\"contentUrl\":\"https:\/\/asiz.es\/wp-content\/uploads\/2023\/08\/logo_2.png\",\"width\":250,\"height\":102,\"caption\":\"Asiz Assesoria\"},\"image\":{\"@id\":\"https:\/\/asiz.es\/#\/schema\/logo\/image\/\"}}]}<\/script>\n<!-- \/ Yoast SEO plugin. -->","yoast_head_json":{"title":"Panel - Asiz Assesoria","robots":{"index":"index","follow":"follow","max-snippet":"max-snippet:-1","max-image-preview":"max-image-preview:large","max-video-preview":"max-video-preview:-1"},"canonical":"https:\/\/asiz.es\/ca\/panel","og_locale":"ca_ES","og_type":"article","og_title":"Panel - Asiz Assesoria","og_description":"Des d'aqu\u00ed podr\u00e0 accedir a la plataforma d'Asesor\u00eda Online, amb la qual podr\u00e0 gestionar la l'informaci\u00f3n comptable, laboral i fiscal. Per comen\u00e7ar a treballar amb la plataforma, introdue\u00efxi la seva clau de usuario i codi d'acc\u00e8s i faci clic a entrar.","og_url":"https:\/\/asiz.es\/ca\/panel","og_site_name":"Asiz Assesoria","article_modified_time":"2024-02-21T14:54:26+00:00","twitter_card":"summary_large_image","twitter_misc":{"Temps estimat de lectura":"1 minut"},"schema":{"@context":"https:\/\/schema.org","@graph":[{"@type":"WebPage","@id":"https:\/\/asiz.es\/ca\/panel","url":"https:\/\/asiz.es\/ca\/panel","name":"Panel - Asiz Assesoria","isPartOf":{"@id":"https:\/\/asiz.es\/#website"},"datePublished":"2023-10-03T11:20:42+00:00","dateModified":"2024-02-21T14:54:26+00:00","breadcrumb":{"@id":"https:\/\/asiz.es\/ca\/panel#breadcrumb"},"inLanguage":"ca","potentialAction":[{"@type":"ReadAction","target":["https:\/\/asiz.es\/ca\/panel"]}]},{"@type":"BreadcrumbList","@id":"https:\/\/asiz.es\/ca\/panel#breadcrumb","itemListElement":[{"@type":"ListItem","position":1,"name":"Portada","item":"https:\/\/asiz.es\/ca"},{"@type":"ListItem","position":2,"name":"Panel"}]},{"@type":"WebSite","@id":"https:\/\/asiz.es\/#website","url":"https:\/\/asiz.es\/","name":"Asiz Assesoria","description":"","publisher":{"@id":"https:\/\/asiz.es\/#organization"},"potentialAction":[{"@type":"SearchAction","target":{"@type":"EntryPoint","urlTemplate":"https:\/\/asiz.es\/?s={search_term_string}"},"query-input":{"@type":"PropertyValueSpecification","valueRequired":true,"valueName":"search_term_string"}}],"inLanguage":"ca"},{"@type":"Organization","@id":"https:\/\/asiz.es\/#organization","name":"Asiz Assesoria","url":"https:\/\/asiz.es\/","logo":{"@type":"ImageObject","inLanguage":"ca","@id":"https:\/\/asiz.es\/#\/schema\/logo\/image\/","url":"https:\/\/asiz.es\/wp-content\/uploads\/2023\/08\/logo_2.png","contentUrl":"https:\/\/asiz.es\/wp-content\/uploads\/2023\/08\/logo_2.png","width":250,"height":102,"caption":"Asiz Assesoria"},"image":{"@id":"https:\/\/asiz.es\/#\/schema\/logo\/image\/"}}]}},"_links":{"self":[{"href":"https:\/\/asiz.es\/ca\/wp-json\/wp\/v2\/pages\/547","targetHints":{"allow":["GET"]}}],"collection":[{"href":"https:\/\/asiz.es\/ca\/wp-json\/wp\/v2\/pages"}],"about":[{"href":"https:\/\/asiz.es\/ca\/wp-json\/wp\/v2\/types\/page"}],"author":[{"embeddable":true,"href":"https:\/\/asiz.es\/ca\/wp-json\/wp\/v2\/users\/1"}],"replies":[{"embeddable":true,"href":"https:\/\/asiz.es\/ca\/wp-json\/wp\/v2\/comments?post=547"}],"version-history":[{"count":4,"href":"https:\/\/asiz.es\/ca\/wp-json\/wp\/v2\/pages\/547\/revisions"}],"predecessor-version":[{"id":695,"href":"https:\/\/asiz.es\/ca\/wp-json\/wp\/v2\/pages\/547\/revisions\/695"}],"wp:attachment":[{"href":"https:\/\/asiz.es\/ca\/wp-json\/wp\/v2\/media?parent=547"}],"curies":[{"name":"wp","href":"https:\/\/api.w.org\/{rel}","templated":true}]}}